{"id":5713,"date":"2018-06-30T13:55:01","date_gmt":"2018-06-30T13:55:01","guid":{"rendered":"https:\/\/www.theviewluxuryrooms.com\/superior-double-or-twin-room-with-side-sea-view\/"},"modified":"2018-06-30T13:59:31","modified_gmt":"2018-06-30T13:59:31","slug":"superior-dvokrevetna-soba-s-bracnim-ili-s-2-odvojena-kreveta-s-pogledom-na-more","status":"publish","type":"page","link":"https:\/\/www.theviewluxuryrooms.com\/hr\/sobe\/superior-dvokrevetna-soba-s-bracnim-ili-s-2-odvojena-kreveta-s-pogledom-na-more\/","title":{"rendered":"Superior dvokrevetna soba s bra\u010dnim ili s 2 odvojena kreveta s pogledom na more"},"content":{"rendered":"<div id='full_slider_1'  class='avia-fullwidth-slider main_color avia-shadow   avia-builder-el-0  el_before_av_two_third  avia-builder-el-first   container_wrap sidebar_right'  ><div  class='avia-slideshow av-jj1cgp1o-3bac90bc4feaa8d4da0a5babc187f604 avia-slideshow-no scaling av_slideshow_full avia-slide-slider av-slideshow-ui av-control-default av-slideshow-manual av-loop-once av-loop-manual-endless av-default-height-applied   avia-slideshow-1' data-slideshow-options=\"{&quot;animation&quot;:&quot;slide&quot;,&quot;autoplay&quot;:false,&quot;loop_autoplay&quot;:&quot;once&quot;,&quot;interval&quot;:5,&quot;loop_manual&quot;:&quot;manual-endless&quot;,&quot;autoplay_stopper&quot;:false,&quot;noNavigation&quot;:false,&quot;bg_slider&quot;:false,&quot;keep_padding&quot;:false,&quot;hoverpause&quot;:false,&quot;show_slide_delay&quot;:0}\"  itemprop=\"image\" itemscope=\"itemscope\" itemtype=\"https:\/\/schema.org\/ImageObject\" ><ul class='avia-slideshow-inner ' style='padding-bottom: 66.666666666667%;'><li  class='avia-slideshow-slide av-jj1cgp1o-3bac90bc4feaa8d4da0a5babc187f604__0  av-single-slide slide-1 slide-odd'><div data-rel='slideshow-1' class='avia-slide-wrap '   ><img decoding=\"async\" fetchpriority=\"high\" class=\"wp-image-5055 avia-img-lazy-loading-not-5055\"  src=\"https:\/\/www.theviewluxuryrooms.com\/wp-content\/uploads\/2015\/09\/SplitGojoView14App00065PsR.jpg\" width=\"1443\" height=\"962\" title='SplitGojoView14App00065PsR' alt=''  itemprop=\"thumbnailUrl\" srcset=\"https:\/\/www.theviewluxuryrooms.com\/wp-content\/uploads\/2015\/09\/SplitGojoView14App00065PsR.jpg 1443w, https:\/\/www.theviewluxuryrooms.com\/wp-content\/uploads\/2015\/09\/SplitGojoView14App00065PsR-300x200.jpg 300w, https:\/\/www.theviewluxuryrooms.com\/wp-content\/uploads\/2015\/09\/SplitGojoView14App00065PsR-768x512.jpg 768w, https:\/\/www.theviewluxuryrooms.com\/wp-content\/uploads\/2015\/09\/SplitGojoView14App00065PsR-1024x683.jpg 1024w\" sizes=\"(max-width: 1443px) 100vw, 1443px\" \/><\/div><\/li><\/ul><\/div><\/div><div id='after_full_slider_1'  class='main_color av_default_container_wrap container_wrap sidebar_right'  ><div class='container av-section-cont-open' ><div class='template-page content  av-content-small alpha units'><div class='post-entry post-entry-type-page post-entry-5713'><div class='entry-content-wrapper clearfix'>\n\n<style type=\"text\/css\" data-created_by=\"avia_inline_auto\" id=\"style-css-av-3z0ftm-a6b8105cdd1339c720788fee1b87bdd6\">\n.flex_column.av-3z0ftm-a6b8105cdd1339c720788fee1b87bdd6{\nborder-radius:0px 0px 0px 0px;\npadding:0px 0px 0px 0px;\n}\n<\/style>\n<div  class='flex_column av-3z0ftm-a6b8105cdd1339c720788fee1b87bdd6 av_two_third  avia-builder-el-1  el_after_av_slideshow_full  el_before_av_one_third  avia-builder-el-first  first flex_column_div av-zero-column-padding  '     ><p>\n<style type=\"text\/css\" data-created_by=\"avia_inline_auto\" id=\"style-css-av-jj1h24mr-65256164f1480a7c0d753942a8c46de6\">\n#top .av-special-heading.av-jj1h24mr-65256164f1480a7c0d753942a8c46de6{\npadding-bottom:10px;\n}\nbody .av-special-heading.av-jj1h24mr-65256164f1480a7c0d753942a8c46de6 .av-special-heading-tag .heading-char{\nfont-size:25px;\n}\n.av-special-heading.av-jj1h24mr-65256164f1480a7c0d753942a8c46de6 .av-subheading{\nfont-size:15px;\n}\n<\/style>\n<div  class='av-special-heading av-jj1h24mr-65256164f1480a7c0d753942a8c46de6 av-special-heading-h3  avia-builder-el-2  el_before_av_gallery  avia-builder-el-first '><h3 class='av-special-heading-tag '  itemprop=\"headline\"  >Superior dvokrevetna soba s bra\u010dnim ili s 2 odvojena kreveta s pogledom na more<\/h3><div class=\"special-heading-border\"><div class=\"special-heading-inner-border\"><\/div><\/div><\/div><br \/>\n\n<style type=\"text\/css\" data-created_by=\"avia_inline_auto\" id=\"style-css-av-jj1cg9sr-bbb764435c1eb1eab8b04ee37aad9d81\">\n#top .avia-gallery.av-jj1cg9sr-bbb764435c1eb1eab8b04ee37aad9d81 .avia-gallery-thumb a{\nwidth:20%;\n}\n<\/style>\n<div  class='avia-gallery av-jj1cg9sr-bbb764435c1eb1eab8b04ee37aad9d81 avia_animate_when_visible  avia-builder-el-3  el_after_av_heading  el_before_av_textblock  avia_lazyload avia-gallery-animate avia-gallery-1'  itemprop=\"image\" itemscope=\"itemscope\" itemtype=\"https:\/\/schema.org\/ImageObject\" ><meta itemprop=\"contentURL\" content=\"https:\/\/www.theviewluxuryrooms.com\/hr\/sobe\/superior-dvokrevetna-soba-s-bracnim-ili-s-2-odvojena-kreveta-s-pogledom-na-more\/\"><div class='avia-gallery-thumb'><a href=\"https:\/\/www.theviewluxuryrooms.com\/wp-content\/uploads\/2015\/09\/SplitGojoView14App00065PsR-1024x683.jpg\" data-srcset=\"https:\/\/www.theviewluxuryrooms.com\/wp-content\/uploads\/2015\/09\/SplitGojoView14App00065PsR-1024x683.jpg 1024w, https:\/\/www.theviewluxuryrooms.com\/wp-content\/uploads\/2015\/09\/SplitGojoView14App00065PsR-300x200.jpg 300w, https:\/\/www.theviewluxuryrooms.com\/wp-content\/uploads\/2015\/09\/SplitGojoView14App00065PsR-768x512.jpg 768w, https:\/\/www.theviewluxuryrooms.com\/wp-content\/uploads\/2015\/09\/SplitGojoView14App00065PsR.jpg 1443w\" data-sizes=\"(max-width: 1024px) 100vw, 1024px\" data-rel='gallery-1' data-prev-img='https:\/\/www.theviewluxuryrooms.com\/wp-content\/uploads\/2015\/09\/SplitGojoView14App00065PsR.jpg' class='first_thumb lightbox ' data-onclick='1' title='SplitGojoView14App00065PsR'  itemprop=\"thumbnailUrl\"  ><img decoding=\"async\" fetchpriority=\"high\" class=\"wp-image-5055 avia-img-lazy-loading-not-5055\"   src=\"https:\/\/www.theviewluxuryrooms.com\/wp-content\/uploads\/2015\/09\/SplitGojoView14App00065PsR.jpg\" width=\"180\" height=\"120\"  title='SplitGojoView14App00065PsR' alt='' srcset=\"https:\/\/www.theviewluxuryrooms.com\/wp-content\/uploads\/2015\/09\/SplitGojoView14App00065PsR.jpg 1443w, https:\/\/www.theviewluxuryrooms.com\/wp-content\/uploads\/2015\/09\/SplitGojoView14App00065PsR-300x200.jpg 300w, https:\/\/www.theviewluxuryrooms.com\/wp-content\/uploads\/2015\/09\/SplitGojoView14App00065PsR-768x512.jpg 768w, https:\/\/www.theviewluxuryrooms.com\/wp-content\/uploads\/2015\/09\/SplitGojoView14App00065PsR-1024x683.jpg 1024w\" sizes=\"(max-width: 180px) 100vw, 180px\" \/><div class='big-prev-fake'><img decoding=\"async\" loading=\"lazy\" class=\"wp-image-5055 avia-img-lazy-loading-5055\"  width=\"495\" height=\"330\" src=\"https:\/\/www.theviewluxuryrooms.com\/wp-content\/uploads\/2015\/09\/SplitGojoView14App00065PsR.jpg\" title='SplitGojoView14App00065PsR' alt='' srcset=\"https:\/\/www.theviewluxuryrooms.com\/wp-content\/uploads\/2015\/09\/SplitGojoView14App00065PsR.jpg 1443w, https:\/\/www.theviewluxuryrooms.com\/wp-content\/uploads\/2015\/09\/SplitGojoView14App00065PsR-300x200.jpg 300w, https:\/\/www.theviewluxuryrooms.com\/wp-content\/uploads\/2015\/09\/SplitGojoView14App00065PsR-768x512.jpg 768w, https:\/\/www.theviewluxuryrooms.com\/wp-content\/uploads\/2015\/09\/SplitGojoView14App00065PsR-1024x683.jpg 1024w\" sizes=\"auto, (max-width: 495px) 100vw, 495px\" \/><\/div><\/a><\/div><\/div><br \/>\n<section  class='av_textblock_section av-jj1cpfnj-4fce763d999d451606cf5933bb3bd9cf '   itemscope=\"itemscope\" itemtype=\"https:\/\/schema.org\/CreativeWork\" ><div class='avia_textblock'  itemprop=\"text\" ><p><strong>Veli\u010dina (e): 2 kreveta za 1 osobu ili 1 veliki bra\u010dni krevet<\/strong><\/p>\n<p>Veli\u010dina: oko 22 m&sup2;<\/p>\n<p>Ova dvokrevetna soba ima klima-ure\u0111aj, TV s kabelskim programima i mini bar.<\/p>\n<p>Boravi&scaron;na pristojba nije uklju\u010dena u cijenu. Boravi&scaron;na pristojba iznosi 1 EUR po osobi na dan.<\/p>\n<p><strong>Sadr\u017eaji soba:<\/strong><\/p>\n<p>Pogled na more, Pogled na planine, Pogled na zaljev, Pogled na grad, Radio, Satelitska televizija, Kabelska \/ Kanali, Flat screen TV, Sef, Klima ure\u0111aj, Besplatne toaletne potrep&scaron;tine, WC, Kupaonica, Papu\u010de, Minibar, Vanjska blagovaonica, Wake-up usluga, Ru\u010dnici, Posteljina, Besplatan WiFi je dostupan u svim sobama.<\/p>\n<\/div><\/section><\/p><\/div>\n<style type=\"text\/css\" data-created_by=\"avia_inline_auto\" id=\"style-css-av-1udiu2-46e1b0ab657a3522dabba201119fabef\">\n.flex_column.av-1udiu2-46e1b0ab657a3522dabba201119fabef{\nborder-radius:0px 0px 0px 0px;\npadding:0px 0px 0px 0px;\n}\n<\/style>\n<div  class='flex_column av-1udiu2-46e1b0ab657a3522dabba201119fabef av_one_third  avia-builder-el-5  el_after_av_two_third  avia-builder-el-last  flex_column_div av-zero-column-padding  '     ><\/div><\/p>\n","protected":false},"excerpt":{"rendered":"","protected":false},"author":2,"featured_media":0,"parent":4813,"menu_order":0,"comment_status":"closed","ping_status":"closed","template":"","meta":{"footnotes":""},"class_list":["post-5713","page","type-page","status-publish","hentry"],"_links":{"self":[{"href":"https:\/\/www.theviewluxuryrooms.com\/hr\/wp-json\/wp\/v2\/pages\/5713","targetHints":{"allow":["GET"]}}],"collection":[{"href":"https:\/\/www.theviewluxuryrooms.com\/hr\/wp-json\/wp\/v2\/pages"}],"about":[{"href":"https:\/\/www.theviewluxuryrooms.com\/hr\/wp-json\/wp\/v2\/types\/page"}],"author":[{"embeddable":true,"href":"https:\/\/www.theviewluxuryrooms.com\/hr\/wp-json\/wp\/v2\/users\/2"}],"replies":[{"embeddable":true,"href":"https:\/\/www.theviewluxuryrooms.com\/hr\/wp-json\/wp\/v2\/comments?post=5713"}],"version-history":[{"count":3,"href":"https:\/\/www.theviewluxuryrooms.com\/hr\/wp-json\/wp\/v2\/pages\/5713\/revisions"}],"predecessor-version":[{"id":5718,"href":"https:\/\/www.theviewluxuryrooms.com\/hr\/wp-json\/wp\/v2\/pages\/5713\/revisions\/5718"}],"up":[{"embeddable":true,"href":"https:\/\/www.theviewluxuryrooms.com\/hr\/wp-json\/wp\/v2\/pages\/4813"}],"wp:attachment":[{"href":"https:\/\/www.theviewluxuryrooms.com\/hr\/wp-json\/wp\/v2\/media?parent=5713"}],"curies":[{"name":"wp","href":"https:\/\/api.w.org\/{rel}","templated":true}]}}