{"id":5656,"date":"2018-06-30T12:59:09","date_gmt":"2018-06-30T12:59:09","guid":{"rendered":"https:\/\/www.theviewluxuryrooms.com\/superior-double-twin-room-with-city-view\/"},"modified":"2018-06-30T13:15:18","modified_gmt":"2018-06-30T13:15:18","slug":"superior-soba-s-bracnim-krevetom-ili-s-2-odvojena-kreveta-s-pogledom-na-grad","status":"publish","type":"page","link":"https:\/\/www.theviewluxuryrooms.com\/hr\/sobe\/superior-soba-s-bracnim-krevetom-ili-s-2-odvojena-kreveta-s-pogledom-na-grad\/","title":{"rendered":"Superior soba s bra\u010dnim krevetom ili s 2 odvojena kreveta s pogledom na grad"},"content":{"rendered":"<div id='full_slider_1'  class='avia-fullwidth-slider main_color avia-shadow   avia-builder-el-0  el_before_av_two_third  avia-builder-el-first   container_wrap sidebar_right'  ><div  class='avia-slideshow av-jj1cgp1o-3bac90bc4feaa8d4da0a5babc187f604 avia-slideshow-no scaling av_slideshow_full avia-slide-slider av-slideshow-ui av-control-default av-slideshow-manual av-loop-once av-loop-manual-endless av-default-height-applied   avia-slideshow-1' data-slideshow-options=\"{&quot;animation&quot;:&quot;slide&quot;,&quot;autoplay&quot;:false,&quot;loop_autoplay&quot;:&quot;once&quot;,&quot;interval&quot;:5,&quot;loop_manual&quot;:&quot;manual-endless&quot;,&quot;autoplay_stopper&quot;:false,&quot;noNavigation&quot;:false,&quot;bg_slider&quot;:false,&quot;keep_padding&quot;:false,&quot;hoverpause&quot;:false,&quot;show_slide_delay&quot;:0}\"  itemprop=\"image\" itemscope=\"itemscope\" itemtype=\"https:\/\/schema.org\/ImageObject\" ><ul class='avia-slideshow-inner ' style='padding-bottom: 66.666666666667%;'><li  class='avia-slideshow-slide av-jj1cgp1o-3bac90bc4feaa8d4da0a5babc187f604__0  av-single-slide slide-1 slide-odd'><div data-rel='slideshow-1' class='avia-slide-wrap '   ><img decoding=\"async\" fetchpriority=\"high\" class=\"wp-image-5043 avia-img-lazy-loading-not-5043\"  src=\"https:\/\/www.theviewluxuryrooms.com\/wp-content\/uploads\/2015\/10\/SplitGojoView15App00379PsR.jpg\" width=\"1443\" height=\"962\" title='SplitGojoView15App00379PsR' alt=''  itemprop=\"thumbnailUrl\" srcset=\"https:\/\/www.theviewluxuryrooms.com\/wp-content\/uploads\/2015\/10\/SplitGojoView15App00379PsR.jpg 1443w, https:\/\/www.theviewluxuryrooms.com\/wp-content\/uploads\/2015\/10\/SplitGojoView15App00379PsR-300x200.jpg 300w, https:\/\/www.theviewluxuryrooms.com\/wp-content\/uploads\/2015\/10\/SplitGojoView15App00379PsR-768x512.jpg 768w, https:\/\/www.theviewluxuryrooms.com\/wp-content\/uploads\/2015\/10\/SplitGojoView15App00379PsR-1024x683.jpg 1024w\" sizes=\"(max-width: 1443px) 100vw, 1443px\" \/><\/div><\/li><\/ul><\/div><\/div><div id='after_full_slider_1'  class='main_color av_default_container_wrap container_wrap sidebar_right'  ><div class='container av-section-cont-open' ><div class='template-page content  av-content-small alpha units'><div class='post-entry post-entry-type-page post-entry-5656'><div class='entry-content-wrapper clearfix'>\n\n<style type=\"text\/css\" data-created_by=\"avia_inline_auto\" id=\"style-css-av-3z0ftm-a6b8105cdd1339c720788fee1b87bdd6\">\n.flex_column.av-3z0ftm-a6b8105cdd1339c720788fee1b87bdd6{\nborder-radius:0px 0px 0px 0px;\npadding:0px 0px 0px 0px;\n}\n<\/style>\n<div  class='flex_column av-3z0ftm-a6b8105cdd1339c720788fee1b87bdd6 av_two_third  avia-builder-el-1  el_after_av_slideshow_full  el_before_av_one_third  avia-builder-el-first  first flex_column_div av-zero-column-padding  '     ><p>\n<style type=\"text\/css\" data-created_by=\"avia_inline_auto\" id=\"style-css-av-jj1fhjbn-a239d08dad55185075330ebd241201b1\">\n#top .av-special-heading.av-jj1fhjbn-a239d08dad55185075330ebd241201b1{\npadding-bottom:10px;\n}\nbody .av-special-heading.av-jj1fhjbn-a239d08dad55185075330ebd241201b1 .av-special-heading-tag .heading-char{\nfont-size:25px;\n}\n.av-special-heading.av-jj1fhjbn-a239d08dad55185075330ebd241201b1 .av-subheading{\nfont-size:15px;\n}\n<\/style>\n<div  class='av-special-heading av-jj1fhjbn-a239d08dad55185075330ebd241201b1 av-special-heading-h3  avia-builder-el-2  el_before_av_gallery  avia-builder-el-first '><h3 class='av-special-heading-tag '  itemprop=\"headline\"  >Superior soba s bra\u010dnim krevetom ili s 2 odvojena kreveta s pogledom na grad<\/h3><div class=\"special-heading-border\"><div class=\"special-heading-inner-border\"><\/div><\/div><\/div><br \/>\n\n<style type=\"text\/css\" data-created_by=\"avia_inline_auto\" id=\"style-css-av-jj1cg9sr-5d3d8a60c2c816571321c72a8e0e0e27\">\n#top .avia-gallery.av-jj1cg9sr-5d3d8a60c2c816571321c72a8e0e0e27 .avia-gallery-thumb a{\nwidth:20%;\n}\n<\/style>\n<div  class='avia-gallery av-jj1cg9sr-5d3d8a60c2c816571321c72a8e0e0e27 avia_animate_when_visible  avia-builder-el-3  el_after_av_heading  el_before_av_textblock  avia_lazyload avia-gallery-animate avia-gallery-1'  itemprop=\"image\" itemscope=\"itemscope\" itemtype=\"https:\/\/schema.org\/ImageObject\" ><meta itemprop=\"contentURL\" content=\"https:\/\/www.theviewluxuryrooms.com\/hr\/sobe\/superior-soba-s-bracnim-krevetom-ili-s-2-odvojena-kreveta-s-pogledom-na-grad\/\"><div class='avia-gallery-thumb'><a href=\"https:\/\/www.theviewluxuryrooms.com\/wp-content\/uploads\/2015\/10\/SplitGojoView15App00379PsR-1024x683.jpg\" data-srcset=\"https:\/\/www.theviewluxuryrooms.com\/wp-content\/uploads\/2015\/10\/SplitGojoView15App00379PsR-1024x683.jpg 1024w, https:\/\/www.theviewluxuryrooms.com\/wp-content\/uploads\/2015\/10\/SplitGojoView15App00379PsR-300x200.jpg 300w, https:\/\/www.theviewluxuryrooms.com\/wp-content\/uploads\/2015\/10\/SplitGojoView15App00379PsR-768x512.jpg 768w, https:\/\/www.theviewluxuryrooms.com\/wp-content\/uploads\/2015\/10\/SplitGojoView15App00379PsR.jpg 1443w\" data-sizes=\"(max-width: 1024px) 100vw, 1024px\" data-rel='gallery-1' data-prev-img='https:\/\/www.theviewluxuryrooms.com\/wp-content\/uploads\/2015\/10\/SplitGojoView15App00379PsR.jpg' class='first_thumb lightbox ' data-onclick='1' title='SplitGojoView15App00379PsR'  itemprop=\"thumbnailUrl\"  ><img decoding=\"async\" fetchpriority=\"high\" class=\"wp-image-5043 avia-img-lazy-loading-not-5043\"   src=\"https:\/\/www.theviewluxuryrooms.com\/wp-content\/uploads\/2015\/10\/SplitGojoView15App00379PsR.jpg\" width=\"180\" height=\"120\"  title='SplitGojoView15App00379PsR' alt='' srcset=\"https:\/\/www.theviewluxuryrooms.com\/wp-content\/uploads\/2015\/10\/SplitGojoView15App00379PsR.jpg 1443w, https:\/\/www.theviewluxuryrooms.com\/wp-content\/uploads\/2015\/10\/SplitGojoView15App00379PsR-300x200.jpg 300w, https:\/\/www.theviewluxuryrooms.com\/wp-content\/uploads\/2015\/10\/SplitGojoView15App00379PsR-768x512.jpg 768w, https:\/\/www.theviewluxuryrooms.com\/wp-content\/uploads\/2015\/10\/SplitGojoView15App00379PsR-1024x683.jpg 1024w\" sizes=\"(max-width: 180px) 100vw, 180px\" \/><div class='big-prev-fake'><img decoding=\"async\" loading=\"lazy\" class=\"wp-image-5043 avia-img-lazy-loading-5043\"  width=\"495\" height=\"330\" src=\"https:\/\/www.theviewluxuryrooms.com\/wp-content\/uploads\/2015\/10\/SplitGojoView15App00379PsR.jpg\" title='SplitGojoView15App00379PsR' alt='' srcset=\"https:\/\/www.theviewluxuryrooms.com\/wp-content\/uploads\/2015\/10\/SplitGojoView15App00379PsR.jpg 1443w, https:\/\/www.theviewluxuryrooms.com\/wp-content\/uploads\/2015\/10\/SplitGojoView15App00379PsR-300x200.jpg 300w, https:\/\/www.theviewluxuryrooms.com\/wp-content\/uploads\/2015\/10\/SplitGojoView15App00379PsR-768x512.jpg 768w, https:\/\/www.theviewluxuryrooms.com\/wp-content\/uploads\/2015\/10\/SplitGojoView15App00379PsR-1024x683.jpg 1024w\" sizes=\"auto, (max-width: 495px) 100vw, 495px\" \/><\/div><\/a><a href=\"https:\/\/www.theviewluxuryrooms.com\/wp-content\/uploads\/2018\/06\/129964418.jpg\" data-srcset=\"https:\/\/www.theviewluxuryrooms.com\/wp-content\/uploads\/2018\/06\/129964418.jpg 1024w, https:\/\/www.theviewluxuryrooms.com\/wp-content\/uploads\/2018\/06\/129964418-300x200.jpg 300w, https:\/\/www.theviewluxuryrooms.com\/wp-content\/uploads\/2018\/06\/129964418-768x512.jpg 768w, https:\/\/www.theviewluxuryrooms.com\/wp-content\/uploads\/2018\/06\/129964418-705x470.jpg 705w, https:\/\/www.theviewluxuryrooms.com\/wp-content\/uploads\/2018\/06\/129964418-450x300.jpg 450w, https:\/\/www.theviewluxuryrooms.com\/wp-content\/uploads\/2018\/06\/129964418-272x182.jpg 272w\" data-sizes=\"(max-width: 1024px) 100vw, 1024px\" data-rel='gallery-1' data-prev-img='https:\/\/www.theviewluxuryrooms.com\/wp-content\/uploads\/2018\/06\/129964418-495x400.jpg' class='lightbox ' data-onclick='2' title='129964418'  itemprop=\"thumbnailUrl\"  ><img decoding=\"async\" fetchpriority=\"high\" class=\"wp-image-5657 avia-img-lazy-loading-not-5657\"   src=\"https:\/\/www.theviewluxuryrooms.com\/wp-content\/uploads\/2018\/06\/129964418-180x180.jpg\" width=\"180\" height=\"180\"  title='129964418' alt='' srcset=\"https:\/\/www.theviewluxuryrooms.com\/wp-content\/uploads\/2018\/06\/129964418-180x180.jpg 180w, https:\/\/www.theviewluxuryrooms.com\/wp-content\/uploads\/2018\/06\/129964418-80x80.jpg 80w, https:\/\/www.theviewluxuryrooms.com\/wp-content\/uploads\/2018\/06\/129964418-36x36.jpg 36w, https:\/\/www.theviewluxuryrooms.com\/wp-content\/uploads\/2018\/06\/129964418-120x120.jpg 120w, https:\/\/www.theviewluxuryrooms.com\/wp-content\/uploads\/2018\/06\/129964418-450x450.jpg 450w\" sizes=\"(max-width: 180px) 100vw, 180px\" \/><div class='big-prev-fake'><img decoding=\"async\" loading=\"lazy\" class=\"wp-image-5657 avia-img-lazy-loading-5657\"  width=\"495\" height=\"400\" src=\"https:\/\/www.theviewluxuryrooms.com\/wp-content\/uploads\/2018\/06\/129964418-495x400.jpg\" title='129964418' alt='' srcset=\"https:\/\/www.theviewluxuryrooms.com\/wp-content\/uploads\/2018\/06\/129964418-495x400.jpg 495w, https:\/\/www.theviewluxuryrooms.com\/wp-content\/uploads\/2018\/06\/129964418-845x683.jpg 845w\" sizes=\"auto, (max-width: 495px) 100vw, 495px\" \/><\/div><\/a><a href=\"https:\/\/www.theviewluxuryrooms.com\/wp-content\/uploads\/2018\/06\/129964454.jpg\" data-srcset=\"https:\/\/www.theviewluxuryrooms.com\/wp-content\/uploads\/2018\/06\/129964454.jpg 1024w, https:\/\/www.theviewluxuryrooms.com\/wp-content\/uploads\/2018\/06\/129964454-300x200.jpg 300w, https:\/\/www.theviewluxuryrooms.com\/wp-content\/uploads\/2018\/06\/129964454-768x512.jpg 768w, https:\/\/www.theviewluxuryrooms.com\/wp-content\/uploads\/2018\/06\/129964454-705x470.jpg 705w, https:\/\/www.theviewluxuryrooms.com\/wp-content\/uploads\/2018\/06\/129964454-450x300.jpg 450w, https:\/\/www.theviewluxuryrooms.com\/wp-content\/uploads\/2018\/06\/129964454-272x182.jpg 272w\" data-sizes=\"(max-width: 1024px) 100vw, 1024px\" data-rel='gallery-1' data-prev-img='https:\/\/www.theviewluxuryrooms.com\/wp-content\/uploads\/2018\/06\/129964454-495x400.jpg' class='lightbox ' data-onclick='3' title='129964454'  itemprop=\"thumbnailUrl\"  ><img decoding=\"async\" fetchpriority=\"high\" class=\"wp-image-5805 avia-img-lazy-loading-not-5805\"   src=\"https:\/\/www.theviewluxuryrooms.com\/wp-content\/uploads\/2018\/06\/129964454-180x180.jpg\" width=\"180\" height=\"180\"  title='129964454' alt='' srcset=\"https:\/\/www.theviewluxuryrooms.com\/wp-content\/uploads\/2018\/06\/129964454-180x180.jpg 180w, https:\/\/www.theviewluxuryrooms.com\/wp-content\/uploads\/2018\/06\/129964454-80x80.jpg 80w, https:\/\/www.theviewluxuryrooms.com\/wp-content\/uploads\/2018\/06\/129964454-36x36.jpg 36w, https:\/\/www.theviewluxuryrooms.com\/wp-content\/uploads\/2018\/06\/129964454-120x120.jpg 120w, https:\/\/www.theviewluxuryrooms.com\/wp-content\/uploads\/2018\/06\/129964454-450x450.jpg 450w\" sizes=\"(max-width: 180px) 100vw, 180px\" \/><div class='big-prev-fake'><img decoding=\"async\" loading=\"lazy\" class=\"wp-image-5805 avia-img-lazy-loading-5805\"  width=\"495\" height=\"400\" src=\"https:\/\/www.theviewluxuryrooms.com\/wp-content\/uploads\/2018\/06\/129964454-495x400.jpg\" title='129964454' alt='' srcset=\"https:\/\/www.theviewluxuryrooms.com\/wp-content\/uploads\/2018\/06\/129964454-495x400.jpg 495w, https:\/\/www.theviewluxuryrooms.com\/wp-content\/uploads\/2018\/06\/129964454-845x683.jpg 845w\" sizes=\"auto, (max-width: 495px) 100vw, 495px\" \/><\/div><\/a><a href=\"https:\/\/www.theviewluxuryrooms.com\/wp-content\/uploads\/2018\/06\/129964369.jpg\" data-srcset=\"https:\/\/www.theviewluxuryrooms.com\/wp-content\/uploads\/2018\/06\/129964369.jpg 1024w, https:\/\/www.theviewluxuryrooms.com\/wp-content\/uploads\/2018\/06\/129964369-300x200.jpg 300w, https:\/\/www.theviewluxuryrooms.com\/wp-content\/uploads\/2018\/06\/129964369-768x512.jpg 768w, https:\/\/www.theviewluxuryrooms.com\/wp-content\/uploads\/2018\/06\/129964369-705x470.jpg 705w, https:\/\/www.theviewluxuryrooms.com\/wp-content\/uploads\/2018\/06\/129964369-450x300.jpg 450w, https:\/\/www.theviewluxuryrooms.com\/wp-content\/uploads\/2018\/06\/129964369-272x182.jpg 272w\" data-sizes=\"(max-width: 1024px) 100vw, 1024px\" data-rel='gallery-1' data-prev-img='https:\/\/www.theviewluxuryrooms.com\/wp-content\/uploads\/2018\/06\/129964369-495x400.jpg' class='lightbox ' data-onclick='4' title='129964369'  itemprop=\"thumbnailUrl\"  ><img decoding=\"async\" fetchpriority=\"high\" class=\"wp-image-5806 avia-img-lazy-loading-not-5806\"   src=\"https:\/\/www.theviewluxuryrooms.com\/wp-content\/uploads\/2018\/06\/129964369-180x180.jpg\" width=\"180\" height=\"180\"  title='129964369' alt='' srcset=\"https:\/\/www.theviewluxuryrooms.com\/wp-content\/uploads\/2018\/06\/129964369-180x180.jpg 180w, https:\/\/www.theviewluxuryrooms.com\/wp-content\/uploads\/2018\/06\/129964369-80x80.jpg 80w, https:\/\/www.theviewluxuryrooms.com\/wp-content\/uploads\/2018\/06\/129964369-36x36.jpg 36w, https:\/\/www.theviewluxuryrooms.com\/wp-content\/uploads\/2018\/06\/129964369-120x120.jpg 120w, https:\/\/www.theviewluxuryrooms.com\/wp-content\/uploads\/2018\/06\/129964369-450x450.jpg 450w\" sizes=\"(max-width: 180px) 100vw, 180px\" \/><div class='big-prev-fake'><img decoding=\"async\" loading=\"lazy\" class=\"wp-image-5806 avia-img-lazy-loading-5806\"  width=\"495\" height=\"400\" src=\"https:\/\/www.theviewluxuryrooms.com\/wp-content\/uploads\/2018\/06\/129964369-495x400.jpg\" title='129964369' alt='' srcset=\"https:\/\/www.theviewluxuryrooms.com\/wp-content\/uploads\/2018\/06\/129964369-495x400.jpg 495w, https:\/\/www.theviewluxuryrooms.com\/wp-content\/uploads\/2018\/06\/129964369-845x683.jpg 845w\" sizes=\"auto, (max-width: 495px) 100vw, 495px\" \/><\/div><\/a><\/div><\/div><br \/>\n<section  class='av_textblock_section av-jj1cpfnj-4fce763d999d451606cf5933bb3bd9cf '   itemscope=\"itemscope\" itemtype=\"https:\/\/schema.org\/CreativeWork\" ><div class='avia_textblock'  itemprop=\"text\" ><p>Veli\u010dina le\u017eaja: 1 veliki bra\u010dni krevet ili 2 odvojena kreveta za 1 osobu<\/p>\n<p>Veli\u010dina: oko 22 m&sup2;<\/p>\n<p>Boravi&scaron;na pristojba nije uklju\u010dena u cijenu. Boravi&scaron;na pristojba iznosi 1 EUR po osobi na dan.<\/p>\n<p><strong>Sadr\u017eaji soba:<\/strong><\/p>\n<p>Pogled na planine, Pogled na grad, Radio, Satelitska televizija, Kabelska TV, LCD flat screen, Sef, Klima-ure\u0111aj, Desk, Ventilator, Grijanje, Carpeted, Zvu\u010dno izoliranje, Oku\u0107nica, Tu&scaron;, Su&scaron;ilo za kosu, , Papu\u010de, mini bar, vanjska blagovaonica, usluga \u010di&scaron;\u0107enja, ru\u010dnici, posteljina, Besplatan WiFi je dostupan u svim sobama.<\/p>\n<\/div><\/section><\/p><\/div>\n<style type=\"text\/css\" data-created_by=\"avia_inline_auto\" id=\"style-css-av-1udiu2-46e1b0ab657a3522dabba201119fabef\">\n.flex_column.av-1udiu2-46e1b0ab657a3522dabba201119fabef{\nborder-radius:0px 0px 0px 0px;\npadding:0px 0px 0px 0px;\n}\n<\/style>\n<div  class='flex_column av-1udiu2-46e1b0ab657a3522dabba201119fabef av_one_third  avia-builder-el-5  el_after_av_two_third  avia-builder-el-last  flex_column_div av-zero-column-padding  '     ><\/div><\/p>\n","protected":false},"excerpt":{"rendered":"","protected":false},"author":2,"featured_media":0,"parent":4813,"menu_order":0,"comment_status":"closed","ping_status":"closed","template":"","meta":{"footnotes":""},"class_list":["post-5656","page","type-page","status-publish","hentry"],"_links":{"self":[{"href":"https:\/\/www.theviewluxuryrooms.com\/hr\/wp-json\/wp\/v2\/pages\/5656","targetHints":{"allow":["GET"]}}],"collection":[{"href":"https:\/\/www.theviewluxuryrooms.com\/hr\/wp-json\/wp\/v2\/pages"}],"about":[{"href":"https:\/\/www.theviewluxuryrooms.com\/hr\/wp-json\/wp\/v2\/types\/page"}],"author":[{"embeddable":true,"href":"https:\/\/www.theviewluxuryrooms.com\/hr\/wp-json\/wp\/v2\/users\/2"}],"replies":[{"embeddable":true,"href":"https:\/\/www.theviewluxuryrooms.com\/hr\/wp-json\/wp\/v2\/comments?post=5656"}],"version-history":[{"count":2,"href":"https:\/\/www.theviewluxuryrooms.com\/hr\/wp-json\/wp\/v2\/pages\/5656\/revisions"}],"predecessor-version":[{"id":5665,"href":"https:\/\/www.theviewluxuryrooms.com\/hr\/wp-json\/wp\/v2\/pages\/5656\/revisions\/5665"}],"up":[{"embeddable":true,"href":"https:\/\/www.theviewluxuryrooms.com\/hr\/wp-json\/wp\/v2\/pages\/4813"}],"wp:attachment":[{"href":"https:\/\/www.theviewluxuryrooms.com\/hr\/wp-json\/wp\/v2\/media?parent=5656"}],"curies":[{"name":"wp","href":"https:\/\/api.w.org\/{rel}","templated":true}]}}